{"id":924,"date":"2013-07-29T23:25:59","date_gmt":"2013-07-29T21:25:59","guid":{"rendered":"http:\/\/axaria.com\/?page_id=924"},"modified":"2019-10-03T00:12:29","modified_gmt":"2019-10-02T22:12:29","slug":"social-responsibility","status":"publish","type":"page","link":"https:\/\/axaria.com\/it\/social-responsibility\/","title":{"rendered":"Responsabilit\u00e0 Sociale d&#8217;Impresa"},"content":{"rendered":"<div style=\"padding-bottom:0px; padding-top:0px; float:right; margin-top:-55px; margin-right:-0px;\" class=\"hupso-share-buttons\"><!-- Hupso Share Buttons - https:\/\/www.hupso.com\/share\/ --><a class=\"hupso_toolbar\" href=\"https:\/\/www.hupso.com\/share\/\"><img decoding=\"async\" src=\"https:\/\/static.hupso.com\/share\/buttons\/dot.png\" style=\"border:0px; padding-top: 5px; float:left;\" alt=\"Share Button\"\/><\/a><script type=\"text\/javascript\">var hupso_services_t=new Array(\"Twitter\",\"Facebook\",\"Google Plus\",\"Linkedin\");var hupso_background_t=\"#EAF4FF\";var hupso_border_t=\"#66CCFF\";var hupso_toolbar_size_t=\"small\";var hupso_image_folder_url = \"\";var hupso_url_t=\"\";var hupso_title_t=\"%E7%A4%BE%E4%BC%9A%E8%B4%A3%E4%BB%BBResponsabilit%C3%A0%20Sociale%20d%27ImpresaResponsabilidad%20SocialSocial%20Responsibility\";<\/script><script type=\"text\/javascript\" src=\"https:\/\/static.hupso.com\/share\/js\/share_toolbar.js\"><\/script><!-- Hupso Share Buttons --><\/div><p><div class=\"printfriendly pf-button  pf-alignright\">\n                    <a href=\"https:\/\/axaria.com\/it\/social-responsibility\/?pfstyle=wp\" rel=\"nofollow\" onclick=\"\" title=\"Printer Friendly, PDF & Email\">\n                    <img decoding=\"async\" class=\"pf-button-img\" src=\"https:\/\/cdn.printfriendly.com\/buttons\/print-button-gray.png\" alt=\"Print Friendly, PDF & Email\" style=\"width: 66px;height: 24px;\"  \/>\n                    <\/a>\n                <\/div>\n[divider]\n<h2>La sostenibilit\u00e0 \u00e8 rilevante per la nostra organizzazione e la sua strategia<\/h2>\n[custom_frame_right]\n<img loading=\"lazy\" decoding=\"async\" src=\"http:\/\/axaria.com\/img\/rsc.jpg\" alt=\"\" width=\"400\" height=\"266\" \/><br \/>\n[\/custom_frame_right]\n<p>Il nostro impegno per la responsabilit\u00e0 sociale d&#8217;impresa \u00e8 integrata nella strategia che ci siamo posti per i prossimi anni , che dovrebbe essere in grado di mantenere un equilibrio tra business e sostenibilit\u00e0.<\/p>\n<p>Da Axaria Europa , Sostenibilit\u00e0 SL affrontare le nostre decisioni e le attivit\u00e0 , convinti della necessit\u00e0 nella societ\u00e0 l&#8217;adozione di modifiche da parte della societ\u00e0 a una pi\u00f9 umana e rispettosa dell&#8217;ambiente.<br \/>\nIl sistema di gestione complessiva della societ\u00e0 , e di sistema di gestione sostenibile \u00e8 in grado di garantire il rispetto degli impegni , in quanto \u00e8 integrato tutti i processi che si svolgono in azienda.<\/p>\n<p>La nostra strategia CSR ci porta a considerare la sfida per i prossimi anni per garantire che i nostri partner pi\u00f9 vicini , fornitori, clienti , dipendenti, ecc . di essere identificati e possono partecipare alla nostra visione.<\/p>\n<p>Le nostre azioni sono finalizzate al miglioramento continuo. A tale scopo , stabilire il controllo di qualit\u00e0 necessario per garantire la soddisfazione del cliente e della societ\u00e0 nel suo complesso.<\/p>\n<p>La nostra azienda \u00e8 un membro della Rete spagnola del Global Compact \u00e8 un&#8217;iniziativa internazionale dalle Nazioni Unite , che mira a raggiungere un impegno volontario delle imprese, attraverso la realizzazione di dieci principi basati sui diritti umani, lavoro , ambiente e per combattere la corruzione.<\/p>\n<p>Come partner esprimiamo la nostra intenzione di promuovere questi principi all&#8217;interno della nostra sfera di influenza . Siamo impegnati a rendere il Global Compact ei suoi principi parte delle azioni di strategia , cultura e quotidiana della nostra societ\u00e0 , cos\u00ec come impegnarsi in progetti di collaborazione che contribuiscono al raggiungimento degli obiettivi di sviluppo pi\u00f9 ampi delle Nazioni Unite , in particolare il Millennio obiettivi di sviluppo.<\/p>\n<p>Questo impegno abbiamo fatto perch\u00e9 crediamo fermamente nella gestione sostenibile delle organizzazioni , rendendo possibile aggiungere un valore alla produzione di ricchezza.<\/p>\n<p>Lo sviluppo sostenibile non appartiene solo alle grandi aziende , ma il risultato di aggiunta di piccole e grandi azioni sostenibili intraprese da tutti i membri della societ\u00e0.<\/p>","protected":false},"excerpt":{"rendered":"<div style=\"padding-bottom:0px; padding-top:0px; float:right; margin-top:-55px; margin-right:-0px;\" class=\"hupso-share-buttons\"><!-- Hupso Share Buttons - https:\/\/www.hupso.com\/share\/ --><a class=\"hupso_toolbar\" href=\"https:\/\/www.hupso.com\/share\/\"><img src=\"https:\/\/static.hupso.com\/share\/buttons\/dot.png\" style=\"border:0px; padding-top: 5px; float:left;\" alt=\"Share Button\"\/><\/a><script type=\"text\/javascript\">var hupso_services_t=new Array(\"Twitter\",\"Facebook\",\"Google Plus\",\"Linkedin\");var hupso_background_t=\"#EAF4FF\";var hupso_border_t=\"#66CCFF\";var hupso_toolbar_size_t=\"small\";var hupso_image_folder_url = \"\";var hupso_url_t=\"\";var hupso_title_t=\"%E7%A4%BE%E4%BC%9A%E8%B4%A3%E4%BB%BBResponsabilit%C3%A0%20Sociale%20d%27ImpresaResponsabilidad%20SocialSocial%20Responsibility\";<\/script><script type=\"text\/javascript\" src=\"https:\/\/static.hupso.com\/share\/js\/share_toolbar.js\"><\/script><!-- Hupso Share Buttons --><\/div><p>[divider] La sostenibilit\u00e0 \u00e8 rilevante per la nostra organizzazione e la sua strategia [custom_frame_right] [\/custom_frame_right] Il nostro impegno per la responsabilit\u00e0 sociale d&#8217;impresa \u00e8 integrata nella strategia che ci siamo posti per i prossimi anni , che dovrebbe essere in grado di mantenere un equilibrio tra business<\/p>\n","protected":false},"author":3,"featured_media":0,"parent":0,"menu_order":0,"comment_status":"closed","ping_status":"closed","template":"page-FullWidth.php","meta":{"footnotes":""},"class_list":["post-924","page","type-page","status-publish","hentry"],"_links":{"self":[{"href":"https:\/\/axaria.com\/it\/wp-json\/wp\/v2\/pages\/924","targetHints":{"allow":["GET"]}}],"collection":[{"href":"https:\/\/axaria.com\/it\/wp-json\/wp\/v2\/pages"}],"about":[{"href":"https:\/\/axaria.com\/it\/wp-json\/wp\/v2\/types\/page"}],"author":[{"embeddable":true,"href":"https:\/\/axaria.com\/it\/wp-json\/wp\/v2\/users\/3"}],"replies":[{"embeddable":true,"href":"https:\/\/axaria.com\/it\/wp-json\/wp\/v2\/comments?post=924"}],"version-history":[{"count":23,"href":"https:\/\/axaria.com\/it\/wp-json\/wp\/v2\/pages\/924\/revisions"}],"predecessor-version":[{"id":1046,"href":"https:\/\/axaria.com\/it\/wp-json\/wp\/v2\/pages\/924\/revisions\/1046"}],"wp:attachment":[{"href":"https:\/\/axaria.com\/it\/wp-json\/wp\/v2\/media?parent=924"}],"curies":[{"name":"wp","href":"https:\/\/api.w.org\/{rel}","templated":true}]}}