{"id":46,"date":"2012-05-04T22:48:23","date_gmt":"2012-05-04T20:48:23","guid":{"rendered":"http:\/\/new-server-e7cf7b.bitnamiapp.com\/axaria\/WordPress3\/?page_id=46"},"modified":"2016-02-12T22:32:18","modified_gmt":"2016-02-12T21:32:18","slug":"services","status":"publish","type":"page","link":"https:\/\/axaria.com\/it\/services\/","title":{"rendered":"Servizi"},"content":{"rendered":"<div style=\"padding-bottom:0px; padding-top:0px; float:right; margin-top:-55px; margin-right:-0px;\" class=\"hupso-share-buttons\"><!-- Hupso Share Buttons - https:\/\/www.hupso.com\/share\/ --><a class=\"hupso_toolbar\" href=\"https:\/\/www.hupso.com\/share\/\"><img decoding=\"async\" src=\"https:\/\/static.hupso.com\/share\/buttons\/dot.png\" style=\"border:0px; padding-top: 5px; float:left;\" alt=\"Share Button\"\/><\/a><script type=\"text\/javascript\">var hupso_services_t=new Array(\"Twitter\",\"Facebook\",\"Google Plus\",\"Linkedin\");var hupso_background_t=\"#EAF4FF\";var hupso_border_t=\"#66CCFF\";var hupso_toolbar_size_t=\"small\";var hupso_image_folder_url = \"\";var hupso_url_t=\"\";var hupso_title_t=\"%E6%9C%8D%E5%8A%A1ServiziServiciosServices\";<\/script><script type=\"text\/javascript\" src=\"https:\/\/static.hupso.com\/share\/js\/share_toolbar.js\"><\/script><!-- Hupso Share Buttons --><\/div><p><div class=\"printfriendly pf-button  pf-alignright\">\n                    <a href=\"https:\/\/axaria.com\/it\/services\/?pfstyle=wp\" rel=\"nofollow\" onclick=\"\" title=\"Printer Friendly, PDF & Email\">\n                    <img decoding=\"async\" class=\"pf-button-img\" src=\"https:\/\/cdn.printfriendly.com\/buttons\/print-button-gray.png\" alt=\"Print Friendly, PDF & Email\" style=\"width: 66px;height: 24px;\"  \/>\n                    <\/a>\n                <\/div>\n[divider]\n<div>\n<h2>Ricerca e Sviluppo<\/h2>\n[custom_frame_right]\n<img loading=\"lazy\" decoding=\"async\" src=\"http:\/\/axaria.com\/img\/services_invdes.png\" alt=\"\" width=\"250\" height=\"170\" \/><br \/>\n[\/custom_frame_right]\n<p>Il cuore e l&#8217;anima della nostra attivit\u00e0 stanno nella ricerca e nell&#8217;innovazione, che insieme segnano lo sviluppo di un periodo in cui accrescono il nostro presente e creano il nostro futuro. Il controllo della qualit\u00e0 \u00e8 sicuramente la pietra miliare dei nostri sforzi e la garanzia di qualit\u00e0 che i nostri clienti si aspettano e quindi ricevono. <\/p>\n<p>Attraverso l&#8217;applicazione dei recenti progressi scientifici e l&#8217;aggiunta di nuove tecnologie, AXARIA si sforza ogni giorno di compiere un passo tecnologico nella sua attivit\u00e0 e portare prodotti innovativi sul mercato per il miglioramento e la trasparenza del mercato delle materie prime, dei loro derivati e sottoprodotti.\n<\/p><\/div>\n<div>\n[divider]\n<h2>Trasporti e Logistica<\/h2>\n[custom_frame_right]\n<img loading=\"lazy\" decoding=\"async\" src=\"http:\/\/axaria.com\/img\/services_tanks.png\" alt=\"\" width=\"250\" height=\"133\" \/><br \/>\n[\/custom_frame_right]\n<p>Abbiamo servizi di imballaggio e immagazzinaggio per prodotti solidi e liquidi in diversi porti europei, dai quali operiamo su prodotti di alto profilo. Per i prodotti solidi abbiamo sacchi per imballaggio da 25 kg su pallet fino a un massimo di 1.000 kg, e contenitori grandi da 600 kg su pallet. <\/p>\n<p>Per l&#8217;imballaggio di liquidi abbiamo set da 4 pallet metallici a tamburo approvati, da 200, 190 e 180 kg, a seconda del tipo di prodotto, e contenitori IBC approvati da 800 e 900 kg, anch\u2019essi a seconda del tipo di prodotto. Consegniamo i vostri prodotti migliori su strada, per ferrovia o per mare, in grandi quantit\u00e0 e durante tutto l\u2019anno. Insieme creeremo un concetto di logistica volto a soddisfare le vostre esigenze. <\/p>\n<p>Se non possedete una gestione di magazzino propria, siamo in grado di fornirvela noi. Consegniamo tutti i vostri prodotti in tempo, attraverso frontiere, in grandi quantit\u00e0 e tutto l&#8217;anno. Quale vostro partner affidabile, competente ed efficiente, noi, fin dall&#8217;inizio, utilizzeremo il nostro know-how e l\u2019esperienza per aumentare il valore aggiunto. <\/p>\n[custom_frame_right]\n<img loading=\"lazy\" decoding=\"async\" src=\"http:\/\/axaria.com\/img\/services_truck.png\" alt=\"\" width=\"250\" height=\"163\" \/><br \/>\n[\/custom_frame_right]\n<p>Il ciclo di vita di tutti questi prodotti sar\u00e0 rafforzato grazie i nostri servizi e agli strumenti che metteremo a disposizione della vostra supply chain, aumentandone il valore. Ci sforziamo di aiutare i nostri clienti in ogni spedizione, a razionalizzare le loro operazioni, ridurre i costi e migliorare l&#8217;efficienza, aumentando la loro produttivit\u00e0. <\/p>\n<\/div>\n<div>\n[divider]\n<h2>Servizio di Assistenza<\/h2>\n[custom_frame_right]\n<img loading=\"lazy\" decoding=\"async\" src=\"http:\/\/axaria.com\/img\/service_cservice.png\" alt=\"\" width=\"250\" height=\"167\" \/><br \/>\n[\/custom_frame_right]\n<p>Il nostro servizio post-vendita ci permette di rilevare il livello di soddisfazione dei nostri clienti. Questo \u00e8 un metodo imbattibile, e certamente il migliore, per crescere e imparare di pi\u00f9 sulle esigenze e le preoccupazioni del nostro portafoglio di clienti, tutti molto diversi tra loro. Fin dalla sua nascita, AXARIA ha messo in atto un solido impegno verso la garanzia della qualit\u00e0 per la certificazione e l&#8217;applicazione delle rigorose norme ISO 9001:2000 in tutti i suoi processi critici. <\/p>\n<p>Per i dirigenti AXARIA, la qualit\u00e0 del servizio \u00e8 una delle priorit\u00e0: lavorano ogni giorno per migliorare il livello di soddisfazione dei nostri clienti. Come parte di questo processo di miglioramento continuo, una misurazione costante delle variabili critiche \u00e8 fondamentale, poich\u00e9 il livello di soddisfazione del cliente rappresenta una delle nostre pi\u00f9 importanti funzioni. <\/p>\n<p>Come vostro partner competente, ci prenderemo cura dei vostri mercati, prodotti e clienti fin dall&#8217;inizio. Sappiamo ci\u00f2 che \u00e8 importante per voi e siamo in grado di aiutarvi con la nostra migliore conoscenza e comprensione.<\/p>\n<\/div>\n[divider_top]<\/p>","protected":false},"excerpt":{"rendered":"<div style=\"padding-bottom:0px; padding-top:0px; float:right; margin-top:-55px; margin-right:-0px;\" class=\"hupso-share-buttons\"><!-- Hupso Share Buttons - https:\/\/www.hupso.com\/share\/ --><a class=\"hupso_toolbar\" href=\"https:\/\/www.hupso.com\/share\/\"><img src=\"https:\/\/static.hupso.com\/share\/buttons\/dot.png\" style=\"border:0px; padding-top: 5px; float:left;\" alt=\"Share Button\"\/><\/a><script type=\"text\/javascript\">var hupso_services_t=new Array(\"Twitter\",\"Facebook\",\"Google Plus\",\"Linkedin\");var hupso_background_t=\"#EAF4FF\";var hupso_border_t=\"#66CCFF\";var hupso_toolbar_size_t=\"small\";var hupso_image_folder_url = \"\";var hupso_url_t=\"\";var hupso_title_t=\"%E6%9C%8D%E5%8A%A1ServiziServiciosServices\";<\/script><script type=\"text\/javascript\" src=\"https:\/\/static.hupso.com\/share\/js\/share_toolbar.js\"><\/script><!-- Hupso Share Buttons --><\/div><p>[divider] Ricerca e Sviluppo [custom_frame_right] [\/custom_frame_right] Il cuore e l&#8217;anima della nostra attivit\u00e0 stanno nella ricerca e nell&#8217;innovazione, che insieme segnano lo sviluppo di un periodo in cui accrescono il nostro presente e creano il nostro futuro. Il controllo della qualit\u00e0 \u00e8 sicuramente la pietra miliare dei<\/p>\n","protected":false},"author":3,"featured_media":0,"parent":0,"menu_order":1,"comment_status":"closed","ping_status":"closed","template":"page-FullWidth.php","meta":{"footnotes":""},"class_list":["post-46","page","type-page","status-publish","hentry"],"_links":{"self":[{"href":"https:\/\/axaria.com\/it\/wp-json\/wp\/v2\/pages\/46","targetHints":{"allow":["GET"]}}],"collection":[{"href":"https:\/\/axaria.com\/it\/wp-json\/wp\/v2\/pages"}],"about":[{"href":"https:\/\/axaria.com\/it\/wp-json\/wp\/v2\/types\/page"}],"author":[{"embeddable":true,"href":"https:\/\/axaria.com\/it\/wp-json\/wp\/v2\/users\/3"}],"replies":[{"embeddable":true,"href":"https:\/\/axaria.com\/it\/wp-json\/wp\/v2\/comments?post=46"}],"version-history":[{"count":80,"href":"https:\/\/axaria.com\/it\/wp-json\/wp\/v2\/pages\/46\/revisions"}],"predecessor-version":[{"id":407,"href":"https:\/\/axaria.com\/it\/wp-json\/wp\/v2\/pages\/46\/revisions\/407"}],"wp:attachment":[{"href":"https:\/\/axaria.com\/it\/wp-json\/wp\/v2\/media?parent=46"}],"curies":[{"name":"wp","href":"https:\/\/api.w.org\/{rel}","templated":true}]}}