{"id":2,"date":"2012-05-04T00:57:05","date_gmt":"2012-05-03T22:57:05","guid":{"rendered":"http:\/\/axaria.com\/WordPress3\/\/?page_id=2"},"modified":"2019-10-02T23:56:03","modified_gmt":"2019-10-02T21:56:03","slug":"company","status":"publish","type":"page","link":"https:\/\/axaria.com\/it\/company\/","title":{"rendered":"Azienda"},"content":{"rendered":"<div style=\"padding-bottom:0px; padding-top:0px; float:right; margin-top:-55px; margin-right:-0px;\" class=\"hupso-share-buttons\"><!-- Hupso Share Buttons - https:\/\/www.hupso.com\/share\/ --><a class=\"hupso_toolbar\" href=\"https:\/\/www.hupso.com\/share\/\"><img decoding=\"async\" src=\"https:\/\/static.hupso.com\/share\/buttons\/dot.png\" style=\"border:0px; padding-top: 5px; float:left;\" alt=\"Share Button\"\/><\/a><script type=\"text\/javascript\">var hupso_services_t=new Array(\"Twitter\",\"Facebook\",\"Google Plus\",\"Linkedin\");var hupso_background_t=\"#EAF4FF\";var hupso_border_t=\"#66CCFF\";var hupso_toolbar_size_t=\"small\";var hupso_image_folder_url = \"\";var hupso_url_t=\"\";var hupso_title_t=\"%E5%85%AC%E5%8F%B8AziendaEmpresaCompany\";<\/script><script type=\"text\/javascript\" src=\"https:\/\/static.hupso.com\/share\/js\/share_toolbar.js\"><\/script><!-- Hupso Share Buttons --><\/div><p><div class=\"printfriendly pf-button  pf-alignright\">\n                    <a href=\"https:\/\/axaria.com\/it\/company\/?pfstyle=wp\" rel=\"nofollow\" onclick=\"\" title=\"Printer Friendly, PDF & Email\">\n                    <img decoding=\"async\" class=\"pf-button-img\" src=\"https:\/\/cdn.printfriendly.com\/buttons\/print-button-gray.png\" alt=\"Print Friendly, PDF & Email\" style=\"width: 66px;height: 24px;\"  \/>\n                    <\/a>\n                <\/div>\n[divider]\n<p style=\"text-align: center;\"><img decoding=\"async\" src=\"http:\/\/axaria.com\/img\/company.png\" alt=\"\" align=\"middle\" \/><\/p>\n[divider]\n<p>AXARIA EUROPE \u00e8 un\u2019azienda europea che si occupa della ricerca, dello sviluppo, della produzione, del frazionamento e della distribuzione di materie prime di alta qualit\u00e0 e dei loro derivati e sottoprodotti.<\/p>\n<p>Nel 1990 siamo entrati a far parte dell\u2019OLEOCHEMICHALS GROUP, un gruppo aziendale con oltre 60 anni di esperienza in tutti i mercati del mondo. L\u2019azione congiunta di queste societ\u00e0 ci consente di sfruttare le sinergie di entrambe, offrire alle aziende maggiori opportunit\u00e0 e garantire ai clienti le migliori materie prime e i migliori prodotti naturali sul mercato.<\/p>\n<p>Siamo specializzati in chimica organica, oli vegetali, oleine e acidi grassi grezzi e lavorati, distillati o frazionati, di origine animale o vegetale, glicerine, alcol grassi, grassi e sego, idrogenati o naturali, esteri di acidi grassi e in un&#8217;ampia gamma di prodotti correlati alle materie prime naturali e ai loro derivati e sottoprodotti.<\/p>\n<p>In Europa i principali settori in cui operiamo sono: detergenti e saponi, cosmetica e farmaceutica, gran parte dell\u2019industria alimentare, produzione di alimenti per animali, tessile, produzione di resine e pitture, gomma, produzione di fertilizzanti, insetticidi, erbicidi e fungicidi, esplosivi, costruzione, plastica, metalli meccanici e l&#8217;industria chimica in genere. In tutte queste attivit\u00e0, ci impegniamo a offrire una combinazione di materie prime, servizi e conoscenze tecniche che possano aiutare a ridurre i costi, migliorare le prestazioni e ottenere un ambiente di lavoro sicuro.<\/p>\n<p>Nei mercati di oggi, cos\u00ec fortemente competitivi, i nostri clienti devono migliorare continuamente i loro processi in modo da poter aumentare la produttivit\u00e0, ridurre i costi, ottenere la massima efficienza e generare profitto aggiuntivo. A tal fine, \u00e8 necessario poter contare sui partner, e questo \u00e8 un messaggio che abbiamo compreso benissimo.<\/p>\n<p>In diverse occasioni abbiamo dimostrato di raggiungere questi obiettivi. Giorno dopo giorno, riusciamo a garantire i prodotti della migliore qualit\u00e0, che si basano sulla combinazione unica di lavoro di squadra, conoscenza delle applicazioni e assistenza continua.<\/p>\n[divider_top]<\/p>","protected":false},"excerpt":{"rendered":"<div style=\"padding-bottom:0px; padding-top:0px; float:right; margin-top:-55px; margin-right:-0px;\" class=\"hupso-share-buttons\"><!-- Hupso Share Buttons - https:\/\/www.hupso.com\/share\/ --><a class=\"hupso_toolbar\" href=\"https:\/\/www.hupso.com\/share\/\"><img src=\"https:\/\/static.hupso.com\/share\/buttons\/dot.png\" style=\"border:0px; padding-top: 5px; float:left;\" alt=\"Share Button\"\/><\/a><script type=\"text\/javascript\">var hupso_services_t=new Array(\"Twitter\",\"Facebook\",\"Google Plus\",\"Linkedin\");var hupso_background_t=\"#EAF4FF\";var hupso_border_t=\"#66CCFF\";var hupso_toolbar_size_t=\"small\";var hupso_image_folder_url = \"\";var hupso_url_t=\"\";var hupso_title_t=\"%E5%85%AC%E5%8F%B8AziendaEmpresaCompany\";<\/script><script type=\"text\/javascript\" src=\"https:\/\/static.hupso.com\/share\/js\/share_toolbar.js\"><\/script><!-- Hupso Share Buttons --><\/div><p>[divider] [divider] AXARIA EUROPE \u00e8 un\u2019azienda europea che si occupa della ricerca, dello sviluppo, della produzione, del frazionamento e della distribuzione di materie prime di alta qualit\u00e0 e dei loro derivati e sottoprodotti. Nel 1990 siamo entrati a far parte dell\u2019OLEOCHEMICHALS GROUP, un gruppo aziendale con oltre<\/p>\n","protected":false},"author":3,"featured_media":0,"parent":0,"menu_order":1,"comment_status":"closed","ping_status":"closed","template":"page-FullWidth.php","meta":{"footnotes":""},"class_list":["post-2","page","type-page","status-publish","hentry"],"_links":{"self":[{"href":"https:\/\/axaria.com\/it\/wp-json\/wp\/v2\/pages\/2","targetHints":{"allow":["GET"]}}],"collection":[{"href":"https:\/\/axaria.com\/it\/wp-json\/wp\/v2\/pages"}],"about":[{"href":"https:\/\/axaria.com\/it\/wp-json\/wp\/v2\/types\/page"}],"author":[{"embeddable":true,"href":"https:\/\/axaria.com\/it\/wp-json\/wp\/v2\/users\/3"}],"replies":[{"embeddable":true,"href":"https:\/\/axaria.com\/it\/wp-json\/wp\/v2\/comments?post=2"}],"version-history":[{"count":87,"href":"https:\/\/axaria.com\/it\/wp-json\/wp\/v2\/pages\/2\/revisions"}],"predecessor-version":[{"id":1031,"href":"https:\/\/axaria.com\/it\/wp-json\/wp\/v2\/pages\/2\/revisions\/1031"}],"wp:attachment":[{"href":"https:\/\/axaria.com\/it\/wp-json\/wp\/v2\/media?parent=2"}],"curies":[{"name":"wp","href":"https:\/\/api.w.org\/{rel}","templated":true}]}}