{"id":924,"date":"2013-07-29T23:25:59","date_gmt":"2013-07-29T21:25:59","guid":{"rendered":"http:\/\/axaria.com\/?page_id=924"},"modified":"2019-10-03T00:12:29","modified_gmt":"2019-10-02T22:12:29","slug":"social-responsibility","status":"publish","type":"page","link":"https:\/\/axaria.com\/es\/social-responsibility\/","title":{"rendered":"Responsabilidad Social"},"content":{"rendered":"<div style=\"padding-bottom:0px; padding-top:0px; float:right; margin-top:-55px; margin-right:-0px;\" class=\"hupso-share-buttons\"><!-- Hupso Share Buttons - https:\/\/www.hupso.com\/share\/ --><a class=\"hupso_toolbar\" href=\"https:\/\/www.hupso.com\/share\/\"><img decoding=\"async\" src=\"https:\/\/static.hupso.com\/share\/buttons\/dot.png\" style=\"border:0px; padding-top: 5px; float:left;\" alt=\"Share Button\"\/><\/a><script type=\"text\/javascript\">var hupso_services_t=new Array(\"Twitter\",\"Facebook\",\"Google Plus\",\"Linkedin\");var hupso_background_t=\"#EAF4FF\";var hupso_border_t=\"#66CCFF\";var hupso_toolbar_size_t=\"small\";var hupso_image_folder_url = \"\";var hupso_url_t=\"\";var hupso_title_t=\"%E7%A4%BE%E4%BC%9A%E8%B4%A3%E4%BB%BBResponsabilit%C3%A0%20Sociale%20d%27ImpresaResponsabilidad%20SocialSocial%20Responsibility\";<\/script><script type=\"text\/javascript\" src=\"https:\/\/static.hupso.com\/share\/js\/share_toolbar.js\"><\/script><!-- Hupso Share Buttons --><\/div><p><div class=\"printfriendly pf-button  pf-alignright\">\n                    <a href=\"https:\/\/axaria.com\/es\/social-responsibility\/?pfstyle=wp\" rel=\"nofollow\" onclick=\"\" title=\"Printer Friendly, PDF & Email\">\n                    <img decoding=\"async\" class=\"pf-button-img\" src=\"https:\/\/cdn.printfriendly.com\/buttons\/print-button-gray.png\" alt=\"Print Friendly, PDF & Email\" style=\"width: 66px;height: 24px;\"  \/>\n                    <\/a>\n                <\/div>\n[divider]\n<p><img loading=\"lazy\" decoding=\"async\" class=\"aligncenter wp-image-1033 size-full\" src=\"http:\/\/axaria.com\/wp-content\/uploads\/2019\/10\/RSC-Axaria.jpg\" alt=\"\" width=\"1173\" height=\"363\" srcset=\"https:\/\/axaria.com\/wp-content\/uploads\/2019\/10\/RSC-Axaria.jpg 1173w, https:\/\/axaria.com\/wp-content\/uploads\/2019\/10\/RSC-Axaria-768x238.jpg 768w, https:\/\/axaria.com\/wp-content\/uploads\/2019\/10\/RSC-Axaria-1024x317.jpg 1024w\" sizes=\"auto, (max-width: 1173px) 100vw, 1173px\" \/><\/p>\n<p><strong>Modelo de Negocio Sostenible<\/strong><\/p>\n<p>Nuestro compromiso con la Responsabilidad Social Corporativa est\u00e1 integrado a nuestro modelo de negocio.<\/p>\n<p>Desde Axaria abordamos la Sostenibilidad en nuestras decisiones y actividades, convencidos de la necesidad existente en la sociedad en la adopci\u00f3n de cambios desde la empresa hacia un entorno m\u00e1s humano y respetuoso con el medio ambiente.<\/p>\n<p>El sistema de gesti\u00f3n general de nuestra empresa, Sistema de Gesti\u00f3n y Sostenibilidad, es capaz de asegurar el cumplimiento de los compromisos adquiridos al tratar de forma integrada todos los procesos que se llevan a cabo en la empresa.<\/p>\n<p>Nuestras actuaciones van dirigidas a la mejora permanente. Con esta finalidad se establecen las medidas necesarias de control de la calidad de los productos que comercializamos.<\/p>\n<p>El efecto de esta pr\u00e1ctica responsable influye a lo largo de todo el ciclo de vida del producto, lo que nos convierte en un actor responsable no s\u00f3lo de nuestras propias acciones, sino tambi\u00e9n de las de nuestra <strong>Cadena de Suministro.<\/strong><\/p>\n<p>Nuestra estrategia de RSC nos lleva a plantearnos permanentemente el desaf\u00edo de lograr que nuestros stakeholders se vean identificados y sean part\u00edcipes de nuestra visi\u00f3n sostenible.<\/p>\n<p>Integramos en nuestra estrategia el di\u00e1logo continuo con nuestros <strong>stakeholders o grupos de inter\u00e9s<\/strong>, como un aspecto fundamental para una gesti\u00f3n eficaz y verdaderamente responsable de nuestras operaciones.<\/p>\n<p>La <strong>Innovaci\u00f3n <\/strong>es uno de nuestros pilares fundamentales, nos apoyamos en la innovaci\u00f3n para mejorar nuestra competitividad y apostar por la qu\u00edmica verde y sostenible.<\/p>\n<p>Para conseguir una gesti\u00f3n segura de los productos qu\u00edmicos a lo largo de su ciclo de vida, tenemos en cuenta los aspectos de seguridad, salud, medio ambiente, econ\u00f3micos y t\u00e9cnicos que garantizan al cliente la seguridad del producto.<\/p>\n<p>Nuestro modelo est\u00e1 basado en la <strong>Econom\u00eda Circular<\/strong> y en el desarrollo de una investigaci\u00f3n e innovaci\u00f3n responsable.<\/p>\n<p>Buscamos procesos de producci\u00f3n de productos oleoqu\u00edmicos m\u00e1s sostenibles con el <strong>medioambiente<\/strong>, con menor producci\u00f3n de residuos y emisiones de CO2, y uso de fuentes de energ\u00eda y materias primas renovables.<\/p>\n<p>Nuestra empresa es socia de la <strong>Red Espa\u00f1ola del Pacto Mundial, <\/strong>iniciativa internacional propuesta por las Naciones Unidas, cuyo objetivo es conseguir un compromiso voluntario de las empresas, por medio de la implantaci\u00f3n de Diez Principios basados en <em>derechos humanos, laborales, medioambientales y de lucha contra la corrupci\u00f3n. <\/em><\/p>\n<p>En este marco, en 2015 una mayor\u00eda de pa\u00edses aprobaron la Agenda 2030 y los <strong>17 Objetivos de Desarrollo Sostenible (ODS)<\/strong>, la agenda que marcar\u00e1 la responsabilidad social empresarial hasta 2030. Desde Axaria estamos involucrados en el impulso de los 17 ODS.<\/p>\n<p><img loading=\"lazy\" decoding=\"async\" class=\"aligncenter wp-image-1034 size-full\" src=\"http:\/\/axaria.com\/wp-content\/uploads\/2019\/10\/RSC-Axaria_Pilares.jpg\" alt=\"\" width=\"1175\" height=\"365\" srcset=\"https:\/\/axaria.com\/wp-content\/uploads\/2019\/10\/RSC-Axaria_Pilares.jpg 1175w, https:\/\/axaria.com\/wp-content\/uploads\/2019\/10\/RSC-Axaria_Pilares-768x239.jpg 768w, https:\/\/axaria.com\/wp-content\/uploads\/2019\/10\/RSC-Axaria_Pilares-1024x318.jpg 1024w\" sizes=\"auto, (max-width: 1175px) 100vw, 1175px\" \/><\/p>\n<p><em>\u00a0<\/em><\/p>\n<p>Pilares que definen nuestra <strong>Pol\u00edtica de RSC<\/strong><\/p>\n<ul>\n<li>\u00c9tica, valores e impulso ODS<\/li>\n<li>Personas: Comunicaci\u00f3n y Di\u00e1logo con Grupos de Inter\u00e9s<\/li>\n<li>Innovaci\u00f3n<\/li>\n<li>Medio Ambiente,<\/li>\n<li>Cadena de suministro<\/li>\n<li>Servicio al Cliente<\/li>\n<li>Relaci\u00f3n y Vinculaci\u00f3n con el entorno<\/li>\n<\/ul>\n<p><\/p>","protected":false},"excerpt":{"rendered":"<div style=\"padding-bottom:0px; padding-top:0px; float:right; margin-top:-55px; margin-right:-0px;\" class=\"hupso-share-buttons\"><!-- Hupso Share Buttons - https:\/\/www.hupso.com\/share\/ --><a class=\"hupso_toolbar\" href=\"https:\/\/www.hupso.com\/share\/\"><img src=\"https:\/\/static.hupso.com\/share\/buttons\/dot.png\" style=\"border:0px; padding-top: 5px; float:left;\" alt=\"Share Button\"\/><\/a><script type=\"text\/javascript\">var hupso_services_t=new Array(\"Twitter\",\"Facebook\",\"Google Plus\",\"Linkedin\");var hupso_background_t=\"#EAF4FF\";var hupso_border_t=\"#66CCFF\";var hupso_toolbar_size_t=\"small\";var hupso_image_folder_url = \"\";var hupso_url_t=\"\";var hupso_title_t=\"%E7%A4%BE%E4%BC%9A%E8%B4%A3%E4%BB%BBResponsabilit%C3%A0%20Sociale%20d%27ImpresaResponsabilidad%20SocialSocial%20Responsibility\";<\/script><script type=\"text\/javascript\" src=\"https:\/\/static.hupso.com\/share\/js\/share_toolbar.js\"><\/script><!-- Hupso Share Buttons --><\/div><p>[divider] Modelo de Negocio Sostenible Nuestro compromiso con la Responsabilidad Social Corporativa est\u00e1 integrado a nuestro modelo de negocio. Desde Axaria abordamos la Sostenibilidad en nuestras decisiones y actividades, convencidos de la necesidad existente en la sociedad en la adopci\u00f3n de cambios desde la empresa hacia un<\/p>\n","protected":false},"author":3,"featured_media":0,"parent":0,"menu_order":0,"comment_status":"closed","ping_status":"closed","template":"page-FullWidth.php","meta":{"footnotes":""},"class_list":["post-924","page","type-page","status-publish","hentry"],"_links":{"self":[{"href":"https:\/\/axaria.com\/es\/wp-json\/wp\/v2\/pages\/924","targetHints":{"allow":["GET"]}}],"collection":[{"href":"https:\/\/axaria.com\/es\/wp-json\/wp\/v2\/pages"}],"about":[{"href":"https:\/\/axaria.com\/es\/wp-json\/wp\/v2\/types\/page"}],"author":[{"embeddable":true,"href":"https:\/\/axaria.com\/es\/wp-json\/wp\/v2\/users\/3"}],"replies":[{"embeddable":true,"href":"https:\/\/axaria.com\/es\/wp-json\/wp\/v2\/comments?post=924"}],"version-history":[{"count":23,"href":"https:\/\/axaria.com\/es\/wp-json\/wp\/v2\/pages\/924\/revisions"}],"predecessor-version":[{"id":1046,"href":"https:\/\/axaria.com\/es\/wp-json\/wp\/v2\/pages\/924\/revisions\/1046"}],"wp:attachment":[{"href":"https:\/\/axaria.com\/es\/wp-json\/wp\/v2\/media?parent=924"}],"curies":[{"name":"wp","href":"https:\/\/api.w.org\/{rel}","templated":true}]}}