{"id":46,"date":"2012-05-04T22:48:23","date_gmt":"2012-05-04T20:48:23","guid":{"rendered":"http:\/\/new-server-e7cf7b.bitnamiapp.com\/axaria\/WordPress3\/?page_id=46"},"modified":"2016-02-12T22:32:18","modified_gmt":"2016-02-12T21:32:18","slug":"services","status":"publish","type":"page","link":"https:\/\/axaria.com\/es\/services\/","title":{"rendered":"Servicios"},"content":{"rendered":"<div style=\"padding-bottom:0px; padding-top:0px; float:right; margin-top:-55px; margin-right:-0px;\" class=\"hupso-share-buttons\"><!-- Hupso Share Buttons - https:\/\/www.hupso.com\/share\/ --><a class=\"hupso_toolbar\" href=\"https:\/\/www.hupso.com\/share\/\"><img decoding=\"async\" src=\"https:\/\/static.hupso.com\/share\/buttons\/dot.png\" style=\"border:0px; padding-top: 5px; float:left;\" alt=\"Share Button\"\/><\/a><script type=\"text\/javascript\">var hupso_services_t=new Array(\"Twitter\",\"Facebook\",\"Google Plus\",\"Linkedin\");var hupso_background_t=\"#EAF4FF\";var hupso_border_t=\"#66CCFF\";var hupso_toolbar_size_t=\"small\";var hupso_image_folder_url = \"\";var hupso_url_t=\"\";var hupso_title_t=\"%E6%9C%8D%E5%8A%A1ServiziServiciosServices\";<\/script><script type=\"text\/javascript\" src=\"https:\/\/static.hupso.com\/share\/js\/share_toolbar.js\"><\/script><!-- Hupso Share Buttons --><\/div><p><div class=\"printfriendly pf-button  pf-alignright\">\n                    <a href=\"https:\/\/axaria.com\/es\/services\/?pfstyle=wp\" rel=\"nofollow\" onclick=\"\" title=\"Printer Friendly, PDF & Email\">\n                    <img decoding=\"async\" class=\"pf-button-img\" src=\"https:\/\/cdn.printfriendly.com\/buttons\/print-button-gray.png\" alt=\"Print Friendly, PDF & Email\" style=\"width: 66px;height: 24px;\"  \/>\n                    <\/a>\n                <\/div>\n[divider]\n<div>\n<h2>Investigaci\u00f3n y Desarrollo<\/h2>\n[custom_frame_right]\n<img loading=\"lazy\" decoding=\"async\" src=\"http:\/\/axaria.com\/img\/services_invdes.png\" alt=\"\" width=\"250\" height=\"170\" \/><br \/>\n[\/custom_frame_right]\n<p>El coraz\u00f3n de nuestra compa\u00f1\u00eda es la investigaci\u00f3n y el alma la innovaci\u00f3n, juntas marcan el desarrollo de un tiempo donde ambas siembran nuestro presente y crean nuestro futuro.<\/p>\n<p>El control de calidad es sin lugar a dudas el pilar de nuestros esfuerzos y la garant\u00eda de calidad que nuestros clientes esperan y reciben.<\/p>\n<p>Mediante la aplicaci\u00f3n de recientes avances cient\u00edficos y la incorporaci\u00f3n de nuevas tecnolog\u00edas, AXARIA se propone, todos los d\u00edas, dar un salto tecnol\u00f3gico en su actividad y poner en el mercado productos innovadores que contribuyan a la mejora y transparencia del mercado de las materias primas sus derivados y subproductos.\n<\/p><\/div>\n<div>\n[divider]\n<h2>Transporte y Log\u00edstica<\/h2>\n[custom_frame_right]\n<img loading=\"lazy\" decoding=\"async\" src=\"http:\/\/axaria.com\/img\/services_tanks.png\" alt=\"\" width=\"250\" height=\"133\" \/><br \/>\n[\/custom_frame_right]\n<p>Disponemos de un servicio de envasado y almacenajes a granel de productos solidos y l\u00edquidos en algunos puertos Europeos, desde donde podemos servir los productos de mayor consumo.<\/p>\n<p>Para productos s\u00f3lidos disponemos de un packaging de bags de 25 kilos palletizados hasta un m\u00e1ximo de 1.000 kilos y Big Bags palletizados de 600 kilos. Para productos l\u00edquidos disponemos de un packaging en bidones met\u00e1licos homologados de 200, 190 y 180 kilos dependiendo del tipo de producto, palletizados de a 4 unidades, como as\u00ed tambi\u00e9n envasados en contenedores IBC homologados de 800, 850 y 900 kilos dependiendo del tipo de producto.<\/p>\n<p>Le entregamos productos de primera calidad por carretera, por ferrocarril o por mar, como desee y cuando desee. Juntos crearemos un concepto de log\u00edstica que cumpla con sus requisitos. Si no tiene su propia gesti\u00f3n de existencias, podemos asumir esta tarea para usted.<\/p>\n[custom_frame_right]\n<img loading=\"lazy\" decoding=\"async\" src=\"http:\/\/axaria.com\/img\/services_truck.png\" alt=\"\" width=\"250\" height=\"163\" \/><br \/>\n[\/custom_frame_right]\n<p>Les entregamos todos sus productos justo a tiempo, a trav\u00e9s de las fronteras, en grandes cantidades y durante todo el a\u00f1o. Como su socio fiable, competente y eficiente desde el principio usaremos todo nuestro know-how para aumentar su valor a\u00f1adido.<\/p>\n<p>El ciclo de vida de todos estos productos se fortalece gracias a nuestros servicios y herramientas con los que gestionamos su cadena de suministro, aportando riqueza a su cadena de valor. En cada uno de ellos tratamos de ayudar a nuestros cliente, ayudando a racionalizar sus operaciones, reducir costes y mejorar la eficacia al tiempo que aumentamos la productividad.<\/p>\n<\/div>\n<div>\n[divider]\n<h2>Atenci\u00f3n al Cliente<\/h2>\n[custom_frame_right]\n<img loading=\"lazy\" decoding=\"async\" src=\"http:\/\/axaria.com\/img\/service_cservice.png\" alt=\"\" width=\"250\" height=\"167\" \/><br \/>\n[\/custom_frame_right]\n<p>Nuestro servicio de posventa permite detectar los niveles de satisfacci\u00f3n de nuestros clientes. Sin duda esa es la mejor forma de crecer y aprender cada d\u00eda m\u00e1s a cerca de las necesidades e inquietudes de nuestra diversa y heterog\u00e9nea cartera de clientes.<\/p>\n<p>Desde sus inicios, AXARIA ha establecido un s\u00f3lido compromiso con la calidad, basados la certificaci\u00f3n y aplicaci\u00f3n rigurosa del est\u00e1ndar ISO 9001:2000 para todos los procesos cr\u00edticos de la empresa. Los directivos de AXARIA han definido a la Calidad de Servicio como una de sus m\u00e1ximas prioridades, trabajando d\u00eda con d\u00eda para mejorar los niveles de satisfacci\u00f3n de sus clientes.<\/p>\n<p>Como parte de este proceso de mejora continua, ha sido fundamental el mantener una medici\u00f3n permanente de las variables cr\u00edticas, siendo una de las m\u00e1s importantes el Nivel de Satisfacci\u00f3n del Cliente.<\/p>\n<p>Como su socio competente desde el principio nos encargaremos de sus mercados, productos y clientes. Sabemos lo que es importante para usted y podemos asistirle a nuestro mejor leal saber y entender.<\/p>\n<\/div>\n[divider_top]<\/p>","protected":false},"excerpt":{"rendered":"<div style=\"padding-bottom:0px; padding-top:0px; float:right; margin-top:-55px; margin-right:-0px;\" class=\"hupso-share-buttons\"><!-- Hupso Share Buttons - https:\/\/www.hupso.com\/share\/ --><a class=\"hupso_toolbar\" href=\"https:\/\/www.hupso.com\/share\/\"><img src=\"https:\/\/static.hupso.com\/share\/buttons\/dot.png\" style=\"border:0px; padding-top: 5px; float:left;\" alt=\"Share Button\"\/><\/a><script type=\"text\/javascript\">var hupso_services_t=new Array(\"Twitter\",\"Facebook\",\"Google Plus\",\"Linkedin\");var hupso_background_t=\"#EAF4FF\";var hupso_border_t=\"#66CCFF\";var hupso_toolbar_size_t=\"small\";var hupso_image_folder_url = \"\";var hupso_url_t=\"\";var hupso_title_t=\"%E6%9C%8D%E5%8A%A1ServiziServiciosServices\";<\/script><script type=\"text\/javascript\" src=\"https:\/\/static.hupso.com\/share\/js\/share_toolbar.js\"><\/script><!-- Hupso Share Buttons --><\/div><p>[divider] Investigaci\u00f3n y Desarrollo [custom_frame_right] [\/custom_frame_right] El coraz\u00f3n de nuestra compa\u00f1\u00eda es la investigaci\u00f3n y el alma la innovaci\u00f3n, juntas marcan el desarrollo de un tiempo donde ambas siembran nuestro presente y crean nuestro futuro. El control de calidad es sin lugar a dudas el pilar de<\/p>\n","protected":false},"author":3,"featured_media":0,"parent":0,"menu_order":1,"comment_status":"closed","ping_status":"closed","template":"page-FullWidth.php","meta":{"footnotes":""},"class_list":["post-46","page","type-page","status-publish","hentry"],"_links":{"self":[{"href":"https:\/\/axaria.com\/es\/wp-json\/wp\/v2\/pages\/46","targetHints":{"allow":["GET"]}}],"collection":[{"href":"https:\/\/axaria.com\/es\/wp-json\/wp\/v2\/pages"}],"about":[{"href":"https:\/\/axaria.com\/es\/wp-json\/wp\/v2\/types\/page"}],"author":[{"embeddable":true,"href":"https:\/\/axaria.com\/es\/wp-json\/wp\/v2\/users\/3"}],"replies":[{"embeddable":true,"href":"https:\/\/axaria.com\/es\/wp-json\/wp\/v2\/comments?post=46"}],"version-history":[{"count":80,"href":"https:\/\/axaria.com\/es\/wp-json\/wp\/v2\/pages\/46\/revisions"}],"predecessor-version":[{"id":407,"href":"https:\/\/axaria.com\/es\/wp-json\/wp\/v2\/pages\/46\/revisions\/407"}],"wp:attachment":[{"href":"https:\/\/axaria.com\/es\/wp-json\/wp\/v2\/media?parent=46"}],"curies":[{"name":"wp","href":"https:\/\/api.w.org\/{rel}","templated":true}]}}