{"id":2,"date":"2012-05-04T00:57:05","date_gmt":"2012-05-03T22:57:05","guid":{"rendered":"http:\/\/axaria.com\/WordPress3\/\/?page_id=2"},"modified":"2019-10-02T23:56:03","modified_gmt":"2019-10-02T21:56:03","slug":"company","status":"publish","type":"page","link":"https:\/\/axaria.com\/es\/company\/","title":{"rendered":"Empresa"},"content":{"rendered":"<div style=\"padding-bottom:0px; padding-top:0px; float:right; margin-top:-55px; margin-right:-0px;\" class=\"hupso-share-buttons\"><!-- Hupso Share Buttons - https:\/\/www.hupso.com\/share\/ --><a class=\"hupso_toolbar\" href=\"https:\/\/www.hupso.com\/share\/\"><img decoding=\"async\" src=\"https:\/\/static.hupso.com\/share\/buttons\/dot.png\" style=\"border:0px; padding-top: 5px; float:left;\" alt=\"Share Button\"\/><\/a><script type=\"text\/javascript\">var hupso_services_t=new Array(\"Twitter\",\"Facebook\",\"Google Plus\",\"Linkedin\");var hupso_background_t=\"#EAF4FF\";var hupso_border_t=\"#66CCFF\";var hupso_toolbar_size_t=\"small\";var hupso_image_folder_url = \"\";var hupso_url_t=\"\";var hupso_title_t=\"%E5%85%AC%E5%8F%B8AziendaEmpresaCompany\";<\/script><script type=\"text\/javascript\" src=\"https:\/\/static.hupso.com\/share\/js\/share_toolbar.js\"><\/script><!-- Hupso Share Buttons --><\/div><p><div class=\"printfriendly pf-button  pf-alignright\">\n                    <a href=\"https:\/\/axaria.com\/es\/company\/?pfstyle=wp\" rel=\"nofollow\" onclick=\"\" title=\"Printer Friendly, PDF & Email\">\n                    <img decoding=\"async\" class=\"pf-button-img\" src=\"https:\/\/cdn.printfriendly.com\/buttons\/print-button-gray.png\" alt=\"Print Friendly, PDF & Email\" style=\"width: 66px;height: 24px;\"  \/>\n                    <\/a>\n                <\/div>\n[divider]\n<p style=\"text-align: center;\"><img decoding=\"async\" src=\"http:\/\/axaria.com\/img\/company.png\" alt=\"\" align=\"middle\" \/><\/p>\n[divider]\n<p>AXARIA EUROPE es una compa\u00f1\u00eda Europea dedicada a la investigaci\u00f3n, desarrollo, fabricaci\u00f3n, fraccionamiento y distribuci\u00f3n de materias primas naturales de alta calidad, sus derivados y subproductos.<\/p>\n<p>Desde los a\u00f1os 90 formamos parte asociada del grupo empresario OLEOCHEMICALS GROUP con m\u00e1s de 60 a\u00f1os de presencia en todos los mercados del mundo. La acci\u00f3n conjunta de estas empresas permite el aprovechamiento de sinergias que dan a nuestras empresas mayores oportunidades de negocios y a nuestros clientes las mejores opciones en el mercado de las materias primas y productos naturales.<\/p>\n<p>Nuestra especialidad es la qu\u00edmica org\u00e1nica, los aceites vegetales, crudos y refinados, las ole\u00ednas y los \u00e1cidos grasos, destilados o fraccionados, de origen animal o vegetal, glicerinas, alcoholes grasos, grasas y sebos, hidrogenados o naturales, esteres grasos y una diversidad de productos relacionados con materias primas naturales, sus derivados y subproductos. Adem\u00e1s disponemos de una amplia l\u00ednea de ceras naturales y sint\u00e9ticas, como as\u00ed tambi\u00e9n blends espec\u00edficos.<\/p>\n<p>Los principales sectores a los que servimos en europa son los de la industria de la detergencia y jabonera, como as\u00ed tambi\u00e9n sectores de la industria cosm\u00e9tica y farmac\u00e9utica, una buena parte de industria alimentaria, fabricaci\u00f3n de piensos, la industria textil, fabricaci\u00f3n de resinas y pinturas, industria del caucho, fabricaci\u00f3n fertilizantes, insecticidas, herbicidas y funguicidas, industria de explosivos, industria extractiva, industria de la construcci\u00f3n, industria del pl\u00e1stico, industria metal mec\u00e1nica y la industria qu\u00edmica general.<\/p>\n<p>En todas estas actividades, nos centramos en proporcionar una combinaci\u00f3n de materias primas, servicios y conocimientos t\u00e9cnicos que ayuda a reducir costes, mejorar el rendimiento y conseguir un entorno laboral seguro.<\/p>\n<p>En los mercados actuales tan competitivos, nuestros clientes deben buscar continuamente mejoras en sus procesos para aumentar la productividad y reducir los costes, aumentar al m\u00e1ximo la eficacia y generar m\u00e1s ingresos. Para conseguir todo esto deber\u00e1 contar con verdaderos socios. Ese es un mensaje que hemos comprendido a la perfecci\u00f3n.<\/p>\n<p>Hemos demostrado en repetidas ocasiones que cumplimos estos objetivos. D\u00eda tras d\u00eda, proporcionamos productos de la mejor calidad que incluimos en una oferta \u00fanica de trabajo en equipo, conocimiento de las aplicaciones y apoyo continuo.<\/p>\n[divider_top]<\/p>","protected":false},"excerpt":{"rendered":"<div style=\"padding-bottom:0px; padding-top:0px; float:right; margin-top:-55px; margin-right:-0px;\" class=\"hupso-share-buttons\"><!-- Hupso Share Buttons - https:\/\/www.hupso.com\/share\/ --><a class=\"hupso_toolbar\" href=\"https:\/\/www.hupso.com\/share\/\"><img src=\"https:\/\/static.hupso.com\/share\/buttons\/dot.png\" style=\"border:0px; padding-top: 5px; float:left;\" alt=\"Share Button\"\/><\/a><script type=\"text\/javascript\">var hupso_services_t=new Array(\"Twitter\",\"Facebook\",\"Google Plus\",\"Linkedin\");var hupso_background_t=\"#EAF4FF\";var hupso_border_t=\"#66CCFF\";var hupso_toolbar_size_t=\"small\";var hupso_image_folder_url = \"\";var hupso_url_t=\"\";var hupso_title_t=\"%E5%85%AC%E5%8F%B8AziendaEmpresaCompany\";<\/script><script type=\"text\/javascript\" src=\"https:\/\/static.hupso.com\/share\/js\/share_toolbar.js\"><\/script><!-- Hupso Share Buttons --><\/div><p>[divider] [divider] AXARIA EUROPE es una compa\u00f1\u00eda Europea dedicada a la investigaci\u00f3n, desarrollo, fabricaci\u00f3n, fraccionamiento y distribuci\u00f3n de materias primas naturales de alta calidad, sus derivados y subproductos. Desde los a\u00f1os 90 formamos parte asociada del grupo empresario OLEOCHEMICALS GROUP con m\u00e1s de 60 a\u00f1os de presencia<\/p>\n","protected":false},"author":3,"featured_media":0,"parent":0,"menu_order":1,"comment_status":"closed","ping_status":"closed","template":"page-FullWidth.php","meta":{"footnotes":""},"class_list":["post-2","page","type-page","status-publish","hentry"],"_links":{"self":[{"href":"https:\/\/axaria.com\/es\/wp-json\/wp\/v2\/pages\/2","targetHints":{"allow":["GET"]}}],"collection":[{"href":"https:\/\/axaria.com\/es\/wp-json\/wp\/v2\/pages"}],"about":[{"href":"https:\/\/axaria.com\/es\/wp-json\/wp\/v2\/types\/page"}],"author":[{"embeddable":true,"href":"https:\/\/axaria.com\/es\/wp-json\/wp\/v2\/users\/3"}],"replies":[{"embeddable":true,"href":"https:\/\/axaria.com\/es\/wp-json\/wp\/v2\/comments?post=2"}],"version-history":[{"count":87,"href":"https:\/\/axaria.com\/es\/wp-json\/wp\/v2\/pages\/2\/revisions"}],"predecessor-version":[{"id":1031,"href":"https:\/\/axaria.com\/es\/wp-json\/wp\/v2\/pages\/2\/revisions\/1031"}],"wp:attachment":[{"href":"https:\/\/axaria.com\/es\/wp-json\/wp\/v2\/media?parent=2"}],"curies":[{"name":"wp","href":"https:\/\/api.w.org\/{rel}","templated":true}]}}